{"id":230,"date":"2020-12-09T13:22:22","date_gmt":"2020-12-09T13:22:22","guid":{"rendered":"https:\/\/www.news-zuerich.ch\/ristoly-v4\/"},"modified":"2026-02-02T12:16:41","modified_gmt":"2026-02-02T12:16:41","slug":"ristoly-v4","status":"publish","type":"page","link":"https:\/\/www.news-zuerich.ch\/fr\/","title":{"rendered":"ristoly-v4"},"content":{"rendered":"\n<div class=\"wp-block-cover bloc1\" style=\"min-height:100vh;aspect-ratio:unset;\" id=\"bloc-banniere\"><img loading=\"lazy\" decoding=\"async\" width=\"1920\" height=\"1280\" class=\"wp-block-cover__image-background wp-image-322 size-full\" alt=\"Perspectives globales\" src=\"https:\/\/www.news-zuerich.ch\/wp-content\/uploads\/2026\/02\/Perspectives-globales.webp\" data-object-fit=\"cover\" srcset=\"https:\/\/www.news-zuerich.ch\/wp-content\/uploads\/2026\/02\/Perspectives-globales.webp 1920w, https:\/\/www.news-zuerich.ch\/wp-content\/uploads\/2026\/02\/Perspectives-globales-300x200.webp 300w, https:\/\/www.news-zuerich.ch\/wp-content\/uploads\/2026\/02\/Perspectives-globales-1024x683.webp 1024w, https:\/\/www.news-zuerich.ch\/wp-content\/uploads\/2026\/02\/Perspectives-globales-768x512.webp 768w, https:\/\/www.news-zuerich.ch\/wp-content\/uploads\/2026\/02\/Perspectives-globales-1536x1024.webp 1536w\" sizes=\"auto, (max-width: 1920px) 100vw, 1920px\"><span aria-hidden=\"true\" class=\"wp-block-cover__background has-background-dim-0 has-background-dim\" style=\"background-color:#eaebf3\"><\/span><div class=\"wp-block-cover__inner-container has-global-padding is-layout-constrained wp-block-cover-is-layout-constrained\">\n<div class=\"wp-block-columns is-layout-flex wp-container-core-columns-is-layout-28f84493 wp-block-columns-is-layout-flex\">\n<div class=\"wp-block-column is-layout-flow wp-block-column-is-layout-flow\">\n<p class=\"xxx intro-titre animated backInLeft has-text-color has-link-color wp-elements-248494c73ba6b530c62eb3733a9eccbf\" style=\"color:#ff1616;font-size:45px;line-height:1.4\">Perspectives globales<\/p>\n\n\n\n<h1 class=\"wp-block-heading animated backInLeft slow has-base-2-color has-text-color has-link-color wp-elements-4026aaded5b209024be18305fac3f447\" style=\"font-size:70px\">Strat\u00e9gies pour la qualit\u00e9 de vie et le succ\u00e8s<\/h1>\n\n\n\n<p class=\"animated backInLeft slower has-base-2-color has-text-color has-link-color wp-elements-d46314e9386bdb8346351a0d7df79cca\" style=\"font-size:20px;line-height:1.4\">Un \u00e9quilibre harmonieux entre ascension professionnelle, sant\u00e9 physique et \u00e9ducation culturelle constitue le fondement d\u2019un mode de vie \u00e9panoui. En Suisse, les valeurs traditionnelles se m\u00ealent \u00e0 l\u2019innovation moderne, offrant des conditions id\u00e9ales pour le d\u00e9veloppement personnel et la stabilit\u00e9 \u00e9conomique dans un environnement dynamique.<\/p>\n<\/div>\n\n\n\n<div class=\"wp-block-column is-layout-flow wp-block-column-is-layout-flow\"><\/div>\n<\/div>\n<\/div><\/div>\n\n\n\n<div class=\"wp-block-group has-global-padding is-layout-constrained wp-block-group-is-layout-constrained\" style=\"padding-top:5%;padding-bottom:5%\">\n<div class=\"wp-block-columns are-vertically-aligned-center is-layout-flex wp-container-core-columns-is-layout-107a6f69 wp-block-columns-is-layout-flex\" style=\"margin-top:0px;margin-bottom:0px\">\n<div class=\"wp-block-column is-vertically-aligned-center is-layout-flow wp-block-column-is-layout-flow\">\n<figure class=\"wp-block-image size-full\"><img loading=\"lazy\" decoding=\"async\" width=\"570\" height=\"603\" src=\"http:\/\/www.news-zuerich.ch\/wp-content\/uploads\/2026\/02\/Immobilier-et-construction.webp\" alt=\"Immobilier et construction\" class=\"wp-image-314\" srcset=\"https:\/\/www.news-zuerich.ch\/wp-content\/uploads\/2026\/02\/Immobilier-et-construction.webp 570w, https:\/\/www.news-zuerich.ch\/wp-content\/uploads\/2026\/02\/Immobilier-et-construction-284x300.webp 284w\" sizes=\"auto, (max-width: 570px) 100vw, 570px\"><\/figure>\n<\/div>\n\n\n\n<div class=\"wp-block-column is-vertically-aligned-center is-layout-flow wp-block-column-is-layout-flow\">\n<p class=\"has-text-align-center intro-titre animated slideInRight has-text-color has-link-color wp-elements-4e90d257d2e3176f6df46a72b59fe27b\" style=\"color:#ff1616;font-size:45px;line-height:1.4\">Immobilier et construction<\/p>\n\n\n\n<h2 class=\"wp-block-heading has-text-align-center animated slideInRight slow has-text-color has-link-color wp-elements-a7e0d62ea423996cbab014cf18dedb5c\" style=\"color:#2a2826;font-size:42px\">Concepts r\u00e9sidentiels innovants et construction durable<\/h2>\n\n\n\n<p class=\"animated slideInRight slower\">L\u2019architecture moderne dans les cantons int\u00e8gre directement des technologies \u00e9co\u00e9nerg\u00e9tiques dans la structure des b\u00e2timents afin de r\u00e9duire les co\u00fbts de fonctionnement \u00e0 long terme et de minimiser l\u2019empreinte \u00e9cologique. Des mat\u00e9riaux de haute qualit\u00e9, tels que le b\u00e9ton apparent ou le bois local, garantissent \u00e0 la fois durabilit\u00e9 et esth\u00e9tisme intemporel, tandis que des plans intelligents permettent d\u2019optimiser l\u2019espace disponible dans les zones urbaines dens\u00e9ment peupl\u00e9es.<\/p>\n\n\n\n<p class=\"animated slideInRight slower\">Lors de la r\u00e9novation de b\u00e2timents historiques, des prescriptions strictes de protection du patrimoine exigent une planification pr\u00e9cise afin de pr\u00e9server le caract\u00e8re original des fa\u00e7ades tout en modernisant le confort r\u00e9sidentiel selon les standards actuels. Une isolation professionnelle de l\u2019enveloppe du b\u00e2timent \u00e9limine efficacement les ponts thermiques, am\u00e9liore la classe \u00e9nerg\u00e9tique de la propri\u00e9t\u00e9 et assure, m\u00eame pendant les hivers rigoureux, un climat int\u00e9rieur agr\u00e9able et r\u00e9gul\u00e9 sans courants d\u2019air.<\/p>\n<\/div>\n<\/div>\n<\/div>\n\n\n\n<div class=\"wp-block-group has-background has-global-padding is-layout-constrained wp-block-group-is-layout-constrained\" style=\"background-color:#f5f1ec;padding-top:4%;padding-bottom:3%\">\n<div class=\"wp-block-columns col2 container animated zoomIn is-layout-flex wp-container-core-columns-is-layout-7fc3d43a wp-block-columns-is-layout-flex\">\n<div class=\"wp-block-column is-layout-flow wp-block-column-is-layout-flow\">\n<div class=\"wp-block-columns are-vertically-aligned-top is-layout-flex wp-container-core-columns-is-layout-28f84493 wp-block-columns-is-layout-flex\">\n<div class=\"wp-block-column is-vertically-aligned-top is-layout-flow wp-block-column-is-layout-flow\" style=\"flex-basis:100px\">\n<figure class=\"wp-block-image size-full\"><img loading=\"lazy\" decoding=\"async\" width=\"110\" height=\"110\" src=\"http:\/\/www.news-zuerich.ch\/wp-content\/uploads\/2026\/02\/Integration-de-la-domotique-intelligente.webp\" alt=\"Int\u00e9gration de la domotique intelligente\" class=\"wp-image-316\"><\/figure>\n<\/div>\n\n\n\n<div class=\"wp-block-column is-vertically-aligned-top is-layout-flow wp-block-column-is-layout-flow\">\n<h3 class=\"wp-block-heading has-text-align-left has-text-color has-link-color wp-elements-7e5cf608758f441d66439df64bd31f7d\" style=\"color:#2a2826;font-size:17px\">Int\u00e9gration de la domotique intelligente<\/h3>\n\n\n\n<p>Les syst\u00e8mes de contr\u00f4le automatis\u00e9s r\u00e9gulent l\u2019\u00e9clairage et le chauffage en fonction de la pr\u00e9sence des occupants, pour une efficacit\u00e9 maximale.<\/p>\n<\/div>\n<\/div>\n<\/div>\n\n\n\n<div class=\"wp-block-column is-layout-flow wp-block-column-is-layout-flow\">\n<div class=\"wp-block-columns are-vertically-aligned-top is-layout-flex wp-container-core-columns-is-layout-28f84493 wp-block-columns-is-layout-flex\">\n<div class=\"wp-block-column is-vertically-aligned-top is-layout-flow wp-block-column-is-layout-flow\" style=\"flex-basis:100px\">\n<figure class=\"wp-block-image size-full\"><img loading=\"lazy\" decoding=\"async\" width=\"110\" height=\"110\" src=\"http:\/\/www.news-zuerich.ch\/wp-content\/uploads\/2026\/02\/Design-moderne-des-facades.webp\" alt=\"Design moderne des fa\u00e7ades\" class=\"wp-image-304\"><\/figure>\n<\/div>\n\n\n\n<div class=\"wp-block-column is-vertically-aligned-top is-layout-flow wp-block-column-is-layout-flow\">\n<h3 class=\"wp-block-heading has-text-align-left has-text-color has-link-color wp-elements-cda79caed9ef1c3d80b6367a944339d9\" style=\"color:#2a2826;font-size:17px\">Design moderne des fa\u00e7ades<\/h3>\n\n\n\n<p>Les rev\u00eatements de fa\u00e7ade ventil\u00e9s prot\u00e8gent la structure du b\u00e2timent contre les intemp\u00e9ries tout en offrant de nombreuses possibilit\u00e9s de conception architecturale.<\/p>\n<\/div>\n<\/div>\n<\/div>\n\n\n\n<div class=\"wp-block-column is-layout-flow wp-block-column-is-layout-flow\">\n<div class=\"wp-block-columns are-vertically-aligned-top is-layout-flex wp-container-core-columns-is-layout-28f84493 wp-block-columns-is-layout-flex\">\n<div class=\"wp-block-column is-vertically-aligned-top is-layout-flow wp-block-column-is-layout-flow\" style=\"flex-basis:100px\">\n<figure class=\"wp-block-image size-full\"><img loading=\"lazy\" decoding=\"async\" width=\"110\" height=\"110\" src=\"http:\/\/www.news-zuerich.ch\/wp-content\/uploads\/2026\/02\/Utilisation-de-materiaux-ecologiques.webp\" alt=\"Utilisation de mat\u00e9riaux \u00e9cologiques\" class=\"wp-image-329\"><\/figure>\n<\/div>\n\n\n\n<div class=\"wp-block-column is-vertically-aligned-top is-layout-flow wp-block-column-is-layout-flow\">\n<h3 class=\"wp-block-heading has-text-align-left has-text-color has-link-color wp-elements-451cc751b4f061d74a35004dc44769ef\" style=\"color:#2a2826;font-size:17px\">Utilisation de mat\u00e9riaux \u00e9cologiques<\/h3>\n\n\n\n<p>Les enduits en terre et les isolants \u00e0 fibres naturelles r\u00e9gulent naturellement l\u2019humidit\u00e9 int\u00e9rieure et am\u00e9liorent le bien\u2011\u00eatre et la sant\u00e9 des occupants.<\/p>\n<\/div>\n<\/div>\n<\/div>\n<\/div>\n<\/div>\n\n\n\n<div class=\"wp-block-columns mb-0 is-layout-flex wp-container-core-columns-is-layout-aca22cf8 wp-block-columns-is-layout-flex\">\n<div class=\"wp-block-column is-vertically-aligned-stretch part-left reduit-col has-background is-layout-flow wp-block-column-is-layout-flow\" style=\"background-color:#2a2826;padding-top:140px;padding-right:100px;padding-bottom:140px;padding-left:300px;flex-basis:50%\">\n<p class=\"intro-titre animated slideInLeft has-text-color has-link-color wp-elements-c71c9ce5c2f71511df17f2c82f178714\" style=\"color:#ff1616;font-size:45px;line-height:1.4\">Finance et \u00e9conomie<\/p>\n\n\n\n<h2 class=\"wp-block-heading has-text-align-left animated slideInLeft slow has-base-2-color has-text-color has-link-color wp-elements-18e3935efef70608cc244bb701e833f1\" style=\"font-size:38px\">S\u00e9curiser les actifs et optimiser les rendements<\/h2>\n\n\n\n<p class=\"animated slideInLeft slower has-text-color has-link-color wp-elements-29414062beed59ac1299d94e08d0ca1b\" style=\"color:#ffffffa8;font-size:18px;line-height:1.4\">Dans un environnement \u00e9conomique stable, la diversification du portefeuille \u00e0 travers diff\u00e9rentes classes d\u2019actifs constitue la cl\u00e9 pour minimiser les risques. Les investisseurs analysent les tendances des march\u00e9s mondiaux et l\u2019\u00e9volution des devises locales afin de compenser les pertes de pouvoir d\u2019achat dues \u00e0 l\u2019inflation et de constituer, sur le long terme, un patrimoine cons\u00e9quent pour les g\u00e9n\u00e9rations futures.<\/p>\n\n\n\n<ul style=\"font-style:normal;font-weight:700\" class=\"wp-block-list listing animated slideInLeft slower has-base-2-color has-text-color has-link-color wp-elements-85847591128b628073ab1b65a67ca8d7\">\n<li><i class=\"bi bi-check\"><\/i> March\u00e9s actions et parts de fonds internationaux<\/li>\n\n\n\n<li><i class=\"bi bi-check\"><\/i> Investissements dans les m\u00e9taux pr\u00e9cieux physiques<\/li>\n\n\n\n<li><i class=\"bi bi-check\"><\/i> Pr\u00e9voyance priv\u00e9e et pilier 3a<\/li>\n\n\n\n<li><i class=\"bi bi-check\"><\/i> Obligations d\u2019\u00e9metteurs de qualit\u00e9<\/li>\n<\/ul>\n<\/div>\n\n\n\n<div class=\"wp-block-column is-vertically-aligned-stretch is-layout-flow wp-block-column-is-layout-flow\" style=\"flex-basis:50%\">\n<div class=\"wp-block-group has-global-padding is-layout-constrained wp-block-group-is-layout-constrained has-background\" style=\"min-height:100%;background-image:url('http:\/\/www.news-zuerich.ch\/wp-content\/uploads\/2026\/02\/Finance-et-economie.webp');background-size:cover;\"><\/div>\n<\/div>\n<\/div>\n\n\n\n<div class=\"wp-block-group has-global-padding is-layout-constrained wp-block-group-is-layout-constrained\" style=\"padding-top:5%;padding-bottom:5%\">\n<p class=\"has-text-align-center intro-titre has-text-color has-link-color wp-elements-44f627810d3c89b42c6d545328db88de\" style=\"color:#ff1616;font-size:45px;line-height:1.4\">Fitness et musculation<\/p>\n\n\n\n<h2 class=\"wp-block-heading has-text-align-center has-text-color has-link-color wp-elements-87fe27e73f2e12032959e64d6318feba\" style=\"color:#2a2826;font-size:42px\">Am\u00e9liorer la performance physique<\/h2>\n\n\n\n<p class=\"has-text-align-center parag\" style=\"padding-right:var(--wp--preset--spacing--40);padding-left:var(--wp--preset--spacing--40)\">Un entra\u00eenement de force cibl\u00e9 stimule la croissance musculaire gr\u00e2ce \u00e0 une surcharge progressive et renforce durablement l\u2019appareil locomoteur passif contre les blessures. Une ex\u00e9cution pr\u00e9cise des exercices de base active des cha\u00eenes musculaires complexes, favorise la coordination intermusculaire et pose ainsi les bases d\u2019une silhouette athl\u00e9tique.<\/p>\n\n\n\n<div class=\"wp-block-columns bbc is-layout-flex wp-container-core-columns-is-layout-57763fc0 wp-block-columns-is-layout-flex\" style=\"margin-top:0px;margin-bottom:0px;padding-top:4%\">\n<div class=\"wp-block-column col3 animated zoomIn has-base-2-background-color has-background is-layout-flow wp-block-column-is-layout-flow\">\n<figure class=\"wp-block-image size-full featured-image\"><img loading=\"lazy\" decoding=\"async\" width=\"400\" height=\"440\" src=\"http:\/\/www.news-zuerich.ch\/wp-content\/uploads\/2026\/02\/Nutrition-pour-lhypertrophie.webp\" alt=\"Nutrition pour l\u2019hypertrophie\" class=\"wp-image-318\" srcset=\"https:\/\/www.news-zuerich.ch\/wp-content\/uploads\/2026\/02\/Nutrition-pour-lhypertrophie.webp 400w, https:\/\/www.news-zuerich.ch\/wp-content\/uploads\/2026\/02\/Nutrition-pour-lhypertrophie-273x300.webp 273w\" sizes=\"auto, (max-width: 400px) 100vw, 400px\"><\/figure>\n\n\n\n<h3 class=\"wp-block-heading has-text-align-center has-text-color has-link-color wp-elements-7c2ee7cae3e3bf98ac78e2477f577ef9\" style=\"color:#2a2826;font-size:21px\">Nutrition pour l\u2019hypertrophie<\/h3>\n\n\n\n<p class=\"has-text-align-center has-text-color has-link-color wp-elements-ffa1a7e9a64f005edda764183ec86499\" style=\"color:#8f8c8a;font-size:18px;font-style:normal;font-weight:500\">Un apport adapt\u00e9 en prot\u00e9ines et en glucides complexes fournit les \u00e9l\u00e9ments n\u00e9cessaires \u00e0 la r\u00e9cup\u00e9ration apr\u00e8s des s\u00e9ances d\u2019entra\u00eenement intensives.<\/p>\n<\/div>\n\n\n\n<div class=\"wp-block-column col3 animated zoomIn slow has-base-2-background-color has-background is-layout-flow wp-block-column-is-layout-flow\">\n<figure class=\"wp-block-image size-full featured-image\"><img loading=\"lazy\" decoding=\"async\" width=\"400\" height=\"440\" src=\"http:\/\/www.news-zuerich.ch\/wp-content\/uploads\/2026\/02\/Periodisation-de-lentrainement.webp\" alt=\"P\u00e9riodisation de l\u2019entra\u00eenement\" class=\"wp-image-320\" srcset=\"https:\/\/www.news-zuerich.ch\/wp-content\/uploads\/2026\/02\/Periodisation-de-lentrainement.webp 400w, https:\/\/www.news-zuerich.ch\/wp-content\/uploads\/2026\/02\/Periodisation-de-lentrainement-273x300.webp 273w\" sizes=\"auto, (max-width: 400px) 100vw, 400px\"><\/figure>\n\n\n\n<h3 class=\"wp-block-heading has-text-align-center has-text-color has-link-color wp-elements-f8abb0b7af0e4ecb76f11b95f7c9333c\" style=\"color:#2a2826;font-size:21px\">P\u00e9riodisation de l\u2019entra\u00eenement<\/h3>\n\n\n\n<p class=\"has-text-align-center has-text-color has-link-color wp-elements-cea2eda28adeccd113823a6c246719e1\" style=\"color:#8f8c8a;font-size:18px;font-style:normal;font-weight:500\">Les alternances cycliques entre phases de charge et de r\u00e9cup\u00e9ration pr\u00e9viennent les stagnations et optimisent l\u2019adaptation \u00e0 long terme du syst\u00e8me nerveux central.<\/p>\n<\/div>\n\n\n\n<div class=\"wp-block-column col3 animated zoomIn slower has-base-2-background-color has-background is-layout-flow wp-block-column-is-layout-flow\">\n<figure class=\"wp-block-image size-full featured-image\"><img loading=\"lazy\" decoding=\"async\" width=\"400\" height=\"440\" src=\"http:\/\/www.news-zuerich.ch\/wp-content\/uploads\/2026\/02\/Recuperation-et-sommeil.webp\" alt=\"R\u00e9cup\u00e9ration et sommeil\" class=\"wp-image-325\" srcset=\"https:\/\/www.news-zuerich.ch\/wp-content\/uploads\/2026\/02\/Recuperation-et-sommeil.webp 400w, https:\/\/www.news-zuerich.ch\/wp-content\/uploads\/2026\/02\/Recuperation-et-sommeil-273x300.webp 273w\" sizes=\"auto, (max-width: 400px) 100vw, 400px\"><\/figure>\n\n\n\n<h3 class=\"wp-block-heading has-text-align-center has-text-color has-link-color wp-elements-077b1d0d0360370d99271ef19ad89f1e\" style=\"color:#2a2826;font-size:21px\">R\u00e9cup\u00e9ration et sommeil<\/h3>\n\n\n\n<p class=\"has-text-align-center has-text-color has-link-color wp-elements-1cd4b0f6c0c4b6ecb7770f6946842dd0\" style=\"color:#8f8c8a;font-size:18px;font-style:normal;font-weight:500\">Des p\u00e9riodes de repos suffisantes permettent des ajustements hormonaux essentiels \u00e0 la construction musculaire et au maintien de la vivacit\u00e9 mentale.<\/p>\n<\/div>\n<\/div>\n<\/div>\n\n\n\n<div class=\"wp-block-group has-background has-global-padding is-layout-constrained wp-block-group-is-layout-constrained\" style=\"background-color:#f5f1ec;padding-top:3%;padding-bottom:3%\">\n<p class=\"has-text-align-center intro-titre has-text-color has-link-color wp-elements-350551d208d8eb9f00d5105500574348\" style=\"color:#2a2826;font-size:45px;line-height:1.4\">Art et culture<\/p>\n\n\n\n<h2 class=\"wp-block-heading has-text-align-center has-text-color has-link-color wp-elements-7352c407c6e71201f292098ca85c37c6\" style=\"color:#2a2826;font-size:42px\">Pr\u00e9server le patrimoine culturel<\/h2>\n<\/div>\n\n\n\n<div class=\"wp-block-group has-global-padding is-layout-constrained wp-block-group-is-layout-constrained has-background\" style=\"padding-top:10%;padding-bottom:10%;background-image:url('http:\/\/www.news-zuerich.ch\/wp-content\/uploads\/2026\/02\/Decouvrir-lart-contemporain.webp');background-size:cover;\">\n<h2 class=\"wp-block-heading has-text-align-center animated slideInUp slow has-base-2-color has-text-color has-link-color wp-elements-46e8394fb5d65ac2cf3aef5287a34f52\" style=\"font-size:42px\">D\u00e9couvrir l\u2019art contemporain<\/h2>\n\n\n\n<p class=\"has-text-align-center bigt parag animated slideInUp slower has-base-2-color has-text-color has-link-color wp-elements-486f7909bf663f01a4c325eb3bd1d77f\" style=\"padding-right:var(--wp--preset--spacing--50);padding-left:var(--wp--preset--spacing--50);font-size:30px;font-style:normal;font-weight:700;line-height:1.4\">Des galeries et mus\u00e9es renomm\u00e9s dans des villes comme B\u00e2le ou Zurich pr\u00e9sentent des expositions soigneusement s\u00e9lectionn\u00e9es, favorisant le dialogue entre chefs-d\u2019\u0153uvre historiques et installations avant-gardistes, et offrant ainsi de nouvelles perspectives.<\/p>\n<\/div>\n\n\n\n<div class=\"wp-block-group has-global-padding is-layout-constrained wp-block-group-is-layout-constrained\" style=\"padding-top:5%;padding-bottom:5%\">\n<p class=\"has-text-align-center intro-titre has-text-color has-link-color wp-elements-c9c7532b0327c6962160514293380f64\" style=\"color:#ff1616;font-size:45px;line-height:1.4\">Voyages et d\u00e9couvertes<\/p>\n\n\n\n<h2 class=\"wp-block-heading has-text-align-center has-text-color has-link-color wp-elements-d81a085762a47151dd63678fb802f2ab\" style=\"color:#2a2826;font-size:42px\">Explorer des paysages pr\u00e9serv\u00e9s<\/h2>\n\n\n\n<p class=\"has-text-align-center parag\" style=\"padding-right:var(--wp--preset--spacing--40);padding-left:var(--wp--preset--spacing--40)\">Les routes panoramiques alpines emm\u00e8nent les randonneurs et voyageurs \u00e0 travers des vall\u00e9es montagneuses spectaculaires, le long de lacs cristallins et de sommets couverts de glaciers. Un r\u00e9seau de transport bien d\u00e9velopp\u00e9 permet d\u2019acc\u00e9der \u00e0 des r\u00e9gions isol\u00e9es, o\u00f9 l\u2019artisanat traditionnel et l\u2019hospitalit\u00e9 locale offrent un aper\u00e7u authentique du mode de vie r\u00e9gional.<\/p>\n\n\n\n<div class=\"wp-block-columns is-layout-flex wp-container-core-columns-is-layout-2f709cad wp-block-columns-is-layout-flex\" style=\"padding-top:3%\">\n<div class=\"wp-block-column left-col has-background is-layout-flow wp-block-column-is-layout-flow\" style=\"background-color:#2a2826;padding-top:6%;padding-right:5%;padding-bottom:6%;padding-left:5%;flex-basis:50%\">\n<p class=\"intro-titre has-text-color has-link-color wp-elements-5f46e30567ad51f0f60847a043da73ca\" style=\"color:#ff1616;font-size:45px;line-height:1.4\">Carri\u00e8re et entrepreneuriat<\/p>\n\n\n\n<h2 class=\"wp-block-heading has-text-align-left has-base-2-color has-text-color has-link-color wp-elements-c697bf76606431c1739c7640f0349899\" style=\"font-size:40px\">Excellence professionnelle et r\u00e9seaux<\/h2>\n\n\n\n<p class=\"has-text-color has-link-color wp-elements-82e4562edbffef22da5953c377f90e10\" style=\"color:#ffffffa8;font-size:18px\">Les parcours professionnels r\u00e9ussis dans des secteurs comp\u00e9titifs reposent sur la formation continue et la capacit\u00e9 \u00e0 s\u2019adapter avec flexibilit\u00e9 aux disruptions technologiques. Les professionnels exploitent les conf\u00e9rences et les clubs d\u2019affaires dans les centres \u00e9conomiques pour cr\u00e9er des alliances strat\u00e9giques et faire avancer des projets innovants ayant un impact au-del\u00e0 des fronti\u00e8res nationales.<\/p>\n\n\n\n<p class=\"has-text-color has-link-color wp-elements-75817b700940b7e631ee3d550abbea0e\" style=\"color:#ffffffa8;font-size:18px\">Penser comme un entrepreneur n\u00e9cessite une analyse pr\u00e9cise des niches de march\u00e9 et la volont\u00e9 de prendre des risques calcul\u00e9s pour atteindre une croissance exponentielle. Les start-ups b\u00e9n\u00e9ficient de la proximit\u00e9 avec des instituts de recherche de premier plan, qui acc\u00e9l\u00e8rent le transfert de technologies et facilitent l\u2019acc\u00e8s \u00e0 un personnel qualifi\u00e9 ainsi qu\u2019au capital-risque dans un \u00e9cosyst\u00e8me favorable \u00e0 l\u2019innovation.<\/p>\n<\/div>\n\n\n\n<div class=\"wp-block-column animated slideInRight slow is-layout-flow wp-block-column-is-layout-flow\" style=\"flex-basis:50%\">\n<div class=\"wp-block-group has-global-padding is-layout-constrained wp-block-group-is-layout-constrained has-background\" style=\"min-height:100%;background-image:url('http:\/\/www.news-zuerich.ch\/wp-content\/uploads\/2026\/02\/Carriere-et-entrepreneuriat.webp');background-size:cover;\"><\/div>\n<\/div>\n<\/div>\n<\/div>\n\n\n\n<div class=\"wp-block-columns is-layout-flex wp-container-core-columns-is-layout-8d7fbd41 wp-block-columns-is-layout-flex\" style=\"margin-top:10px;margin-bottom:10px\">\n<div class=\"wp-block-column is-layout-flow wp-block-column-is-layout-flow\">\n<figure class=\"wp-block-image size-full\"><img loading=\"lazy\" decoding=\"async\" width=\"632\" height=\"420\" src=\"http:\/\/www.news-zuerich.ch\/wp-content\/uploads\/2026\/02\/Excellence-professionnelle-et-reseaux-2.webp\" alt=\"Excellence professionnelle et r\u00e9seaux 2\" class=\"wp-image-308\" srcset=\"https:\/\/www.news-zuerich.ch\/wp-content\/uploads\/2026\/02\/Excellence-professionnelle-et-reseaux-2.webp 632w, https:\/\/www.news-zuerich.ch\/wp-content\/uploads\/2026\/02\/Excellence-professionnelle-et-reseaux-2-300x199.webp 300w\" sizes=\"auto, (max-width: 632px) 100vw, 632px\"><\/figure>\n<\/div>\n\n\n\n<div class=\"wp-block-column is-layout-flow wp-block-column-is-layout-flow\">\n<figure class=\"wp-block-image size-full\"><img loading=\"lazy\" decoding=\"async\" width=\"632\" height=\"420\" src=\"http:\/\/www.news-zuerich.ch\/wp-content\/uploads\/2026\/02\/Excellence-professionnelle-et-reseaux-1.webp\" alt=\"Excellence professionnelle et r\u00e9seaux 1\" class=\"wp-image-306\" srcset=\"https:\/\/www.news-zuerich.ch\/wp-content\/uploads\/2026\/02\/Excellence-professionnelle-et-reseaux-1.webp 632w, https:\/\/www.news-zuerich.ch\/wp-content\/uploads\/2026\/02\/Excellence-professionnelle-et-reseaux-1-300x199.webp 300w\" sizes=\"auto, (max-width: 632px) 100vw, 632px\"><\/figure>\n<\/div>\n\n\n\n<div class=\"wp-block-column is-layout-flow wp-block-column-is-layout-flow\">\n<figure class=\"wp-block-image size-full\"><img loading=\"lazy\" decoding=\"async\" width=\"632\" height=\"420\" src=\"http:\/\/www.news-zuerich.ch\/wp-content\/uploads\/2026\/02\/Excellence-professionnelle-et-reseaux.webp\" alt=\"Excellence professionnelle et r\u00e9seaux\" class=\"wp-image-310\" srcset=\"https:\/\/www.news-zuerich.ch\/wp-content\/uploads\/2026\/02\/Excellence-professionnelle-et-reseaux.webp 632w, https:\/\/www.news-zuerich.ch\/wp-content\/uploads\/2026\/02\/Excellence-professionnelle-et-reseaux-300x199.webp 300w\" sizes=\"auto, (max-width: 632px) 100vw, 632px\"><\/figure>\n<\/div>\n<\/div>\n","protected":false},"excerpt":{"rendered":"<p>Immobilier et construction Concepts r\u00e9sidentiels innovants et construction durable L\u2019architecture moderne dans les cantons int\u00e8gre directement des technologies \u00e9co\u00e9nerg\u00e9tiques dans la structure des b\u00e2timents afin de r\u00e9duire les co\u00fbts de fonctionnement \u00e0 long terme et de minimiser l\u2019empreinte \u00e9cologique. Des&#8230;<\/p>\n","protected":false},"author":3,"featured_media":0,"parent":0,"menu_order":0,"comment_status":"closed","ping_status":"closed","template":"","meta":{"footnotes":""},"class_list":["post-230","page","type-page","status-publish","hentry"],"_links":{"self":[{"href":"https:\/\/www.news-zuerich.ch\/fr\/wp-json\/wp\/v2\/pages\/230","targetHints":{"allow":["GET"]}}],"collection":[{"href":"https:\/\/www.news-zuerich.ch\/fr\/wp-json\/wp\/v2\/pages"}],"about":[{"href":"https:\/\/www.news-zuerich.ch\/fr\/wp-json\/wp\/v2\/types\/page"}],"author":[{"embeddable":true,"href":"https:\/\/www.news-zuerich.ch\/fr\/wp-json\/wp\/v2\/users\/3"}],"replies":[{"embeddable":true,"href":"https:\/\/www.news-zuerich.ch\/fr\/wp-json\/wp\/v2\/comments?post=230"}],"version-history":[{"count":2,"href":"https:\/\/www.news-zuerich.ch\/fr\/wp-json\/wp\/v2\/pages\/230\/revisions"}],"predecessor-version":[{"id":333,"href":"https:\/\/www.news-zuerich.ch\/fr\/wp-json\/wp\/v2\/pages\/230\/revisions\/333"}],"wp:attachment":[{"href":"https:\/\/www.news-zuerich.ch\/fr\/wp-json\/wp\/v2\/media?parent=230"}],"curies":[{"name":"wp","href":"https:\/\/api.w.org\/{rel}","templated":true}]}}